{"id":1589,"date":"2024-08-21T17:49:22","date_gmt":"2020-03-31T23:18:43","guid":{"rendered":"https:\/\/lolaarias.com\/contact-2\/"},"modified":"2025-11-26T13:56:23","modified_gmt":"2025-11-26T13:56:23","slug":"awards","status":"publish","type":"page","link":"https:\/\/lolaarias.com\/es\/awards\/","title":{"rendered":"PREMIOS"},"content":{"rendered":"","protected":false},"excerpt":{"rendered":"","protected":false},"author":1,"featured_media":0,"parent":0,"menu_order":9,"comment_status":"closed","ping_status":"closed","template":"","meta":[],"class_list":["post-1589","page","type-page","status-publish","hentry"],"grid":"{\r\n  \"colCount\": 12,\r\n  \"colGutter\": 1.7,\r\n  \"rowGutters\": [\r\n    6,\r\n    6,\r\n    6,\r\n    6,\r\n    6,\r\n    6,\r\n    6,\r\n    6\r\n  ],\r\n  \"frameMargin\": 1.7,\r\n  \"topFrameMargin\": 10.6,\r\n  \"bottomFrameMargin\": 6,\r\n  \"rowAttrs\": [\r\n    {},\r\n    {},\r\n    {},\r\n    {},\r\n    {},\r\n    {},\r\n    {},\r\n    {},\r\n    {}\r\n  ],\r\n  \"bgColor\": null,\r\n  \"cont\": [\r\n    {\r\n      \"type\": \"text\",\r\n      \"cont\": \"<h1 class=\\\"_Titulo\\\" style=\\\"text-align: left;\\\">PREMIOS DE LA TRAYECTORIA<\/h1>\",\r\n      \"align\": \"top\",\r\n      \"row\": 0,\r\n      \"col\": 0,\r\n      \"colspan\": 6,\r\n      \"offsetx\": 0,\r\n      \"offsety\": 0,\r\n      \"spaceabove\": 0,\r\n      \"spacebelow\": 0,\r\n      \"yvel\": 1,\r\n      \"push\": 0,\r\n      \"relid\": 4\r\n    },\r\n    {\r\n      \"type\": \"elementgrid\",\r\n      \"cont\": \"\",\r\n      \"align\": \"top\",\r\n      \"row\": 1,\r\n      \"col\": 0,\r\n      \"colspan\": 12,\r\n      \"offsetx\": 0,\r\n      \"offsety\": 0,\r\n      \"spaceabove\": 0,\r\n      \"spacebelow\": 0,\r\n      \"yvel\": 1,\r\n      \"push\": 0,\r\n      \"relid\": 855,\r\n      \"config\": {\r\n        \"desktop\": {\r\n          \"colCount\": 4,\r\n          \"colGutter\": 1,\r\n          \"rowGutter\": 1\r\n        },\r\n        \"tablet\": {\r\n          \"colCount\": 2,\r\n          \"colGutter\": 1,\r\n          \"rowGutter\": 1\r\n        },\r\n        \"phone\": {\r\n          \"colCount\": 1,\r\n          \"colGutter\": 1,\r\n          \"rowGutter\": 1\r\n        },\r\n        \"layoutType\": \"masonry\",\r\n        \"elements\": [\r\n          {\r\n            \"cont\": \"<h1 class=\\\"_Lista\\\" style=\\\"text-align: left;\\\"><a href=\\\"https:\/\/www.nationaltheatret.no\/international-ibsen-award\/winners\/lola-arias\/\\\"><strong>THE INTERNATIONAL IBSEN AWARD 2024<\/strong><\/a><\/h1>\",\r\n            \"type\": \"text\"\r\n          },\r\n          {\r\n            \"cont\": \"<div><strong>De la Declaraci\u00f3n del Comit\u00e9:<br \/><\/strong><span>\u00ab<em>Al incorporar a aquellos cuyas historias est\u00e1n siendo contadas en el propio proceso de creaci\u00f3n y ejecuci\u00f3n de la obra, ha planteado preguntas profundas sobre la propiedad, la agencia, la \u00e9tica y la creaci\u00f3n art\u00edstica. El trabajo de Arias \u2014 que abarca relatos cortos, tanztheater, pel\u00edculas, instalaciones, composiciones y poes\u00eda, as\u00ed como teatro \u2014 ha estado profundamente arraigado en el contexto en el que se realiza y, al mismo tiempo, ha sido firmemente transnacional en su enfoque e impacto.<\/em>\u00bb<br \/><\/span><span style=\\\"text-decoration: underline;\\\"><strong><a href=\\\"https:\/\/www.nationaltheatret.no\/international-ibsen-award\/winners\/lola-arias\/committee-statement\/\\\">LEE LA DECLARACI\u00d3N COMPLETA<\/a><\/strong><\/span><\/div><p class=\\\"p1\\\"><strong><br \/>Del discurso de aceptaci\u00f3n:<\/strong><br \/>\u00ab<em><span>Ahora se puede ver que detr\u00e1s de mi nombre hay muchas personas. Porque al final el teatro es una manera un poco rebuscada de expandir la familia. Y de pasar el tiempo con personas imaginando cosas en un lugar sin ventanas.<\/span><\/em>\u00bb<br \/><a href=\\\"https:\/\/lolaarias.com\/wp-content\/uploads\/2025\/04\/LOLA-ARIAS-SPEECH-DURING-THE-INTERNATIONAL-IBSEN-AWARD-CEREMONY.pdf\\\"><span style=\\\"text-decoration: underline;\\\"><strong>LEE EL DISCURSO DE ACEPTACI\u00d3N COMPLETO<\/strong><\/span><\/a><\/p>\",\r\n            \"type\": \"text\"\r\n          },\r\n          {\r\n            \"cont\": \"<p class=\\\"p1\\\"><b>EVENTOS PARA LA CEREMONIA DEL INTERNATIONAL IBSEN AWARD\u00a0<\/b><\/p><p class=\\\"p1\\\">REAS<b><br \/><\/b>10 de octubre de 2024<br \/><a href=\\\"https:\/\/www.mirage.no\/program\\\"><span>MIRAGE Film Festival, Oslo,\u00a0<\/span>Noruega<\/a><\/p><p class=\\\"p1\\\">LOS D\u00cdAS AFUERA \/ THE DAYS OUT THERE<b><br \/><\/b>12 de octubre de 2024<br \/><em>dos espect\u00e1culos<br \/><\/em><a href=\\\"https:\/\/www.nationaltheatret.no\/forestillinger\/the-days-out-there\/\\\"><span class=\\\"s1\\\">National Theatret, Hovedscenen, Oslo, Noruega<\/span><\/a><\/p><p class=\\\"p1\\\">PANEL TALK<b><br \/><\/b>12 de octubre de 2024<br \/><a href=\\\"https:\/\/www.nationaltheatret.no\/hva-skjer\/arrangementer\/lola-arias-conversation-and-panel-talk\/\\\"><span class=\\\"s1\\\">Publikumsfoaj\u00e9en, Johanne Dybwads plass 1, Oslo, Noruega<\/span><\/a><\/p><p class=\\\"p1\\\">CEREMONIA DEL INTERNATIONAL IBSEN AWARD<br \/>13 de octubre de 2024<br \/><span class=\\\"s1\\\"><a href=\\\"https:\/\/www.nationaltheatret.no\/hva-skjer\/arrangementer\/the-international-ibsen-award-ceremony\/\\\">National Theatret, Hovedscenen, Oslo, Noruega<\/a><\/span><\/p>\",\r\n            \"type\": \"text\"\r\n          },\r\n          {\r\n            \"type\": \"img\",\r\n            \"attid\": 1605,\r\n            \"cont\": \"\/wp-content\/uploads\/2024\/10\/Lola-Arias_1.jpeg\",\r\n            \"sizes\": {\r\n              \"full\": \"\/wp-content\/uploads\/2024\/10\/Lola-Arias_1.jpeg\",\r\n              \"_512\": \"\/wp-content\/uploads\/2024\/10\/Lola-Arias_1-512x769.jpeg\",\r\n              \"_265\": \"\/wp-content\/uploads\/2024\/10\/Lola-Arias_1-265x398.jpeg\"\r\n            },\r\n            \"w\": 666,\r\n            \"h\": 1000,\r\n            \"ar\": 1.5015015015015014,\r\n            \"alt\": \"\"\r\n          },\r\n          {\r\n            \"type\": \"img\",\r\n            \"attid\": 1600,\r\n            \"cont\": \"\/wp-content\/uploads\/2024\/10\/Lola-Arias_6.jpeg\",\r\n            \"sizes\": {\r\n              \"full\": \"\/wp-content\/uploads\/2024\/10\/Lola-Arias_6.jpeg\",\r\n              \"_768\": \"\/wp-content\/uploads\/2024\/10\/Lola-Arias_6-768x1152.jpeg\",\r\n              \"_512\": \"\/wp-content\/uploads\/2024\/10\/Lola-Arias_6-512x768.jpeg\",\r\n              \"_265\": \"\/wp-content\/uploads\/2024\/10\/Lola-Arias_6-265x398.jpeg\"\r\n            },\r\n            \"w\": 853,\r\n            \"h\": 1280,\r\n            \"ar\": 1.5005861664712778,\r\n            \"alt\": \"\"\r\n          }\r\n        ]\r\n      }\r\n    },\r\n    {\r\n      \"type\": \"embed\",\r\n      \"cont\": \"<iframe title=\\\"The International Ibsen Award 2024\\\" width=\\\"500\\\" height=\\\"281\\\" src=\\\"https:\/\/www.youtube.com\/embed\/oxga2Gx14qo?feature=oembed\\\" frameborder=\\\"0\\\" allow=\\\"accelerometer; autoplay; clipboard-write; encrypted-media; gyroscope; picture-in-picture; web-share\\\" referrerpolicy=\\\"strict-origin-when-cross-origin\\\" allowfullscreen><\/iframe>\",\r\n      \"align\": \"top\",\r\n      \"row\": 2,\r\n      \"col\": 0,\r\n      \"colspan\": 8,\r\n      \"offsetx\": 0,\r\n      \"offsety\": 0,\r\n      \"spaceabove\": 0,\r\n      \"spacebelow\": 0,\r\n      \"yvel\": 1,\r\n      \"push\": 0,\r\n      \"relid\": 7,\r\n      \"url\": \"https:\/\/youtu.be\/oxga2Gx14qo?feature=shared\",\r\n      \"w\": 500,\r\n      \"h\": 281\r\n    },\r\n    {\r\n      \"type\": \"elementgrid\",\r\n      \"cont\": \"\",\r\n      \"align\": \"top\",\r\n      \"row\": 3,\r\n      \"col\": 0,\r\n      \"colspan\": 12,\r\n      \"offsetx\": 0,\r\n      \"offsety\": 0,\r\n      \"spaceabove\": 0,\r\n      \"spacebelow\": 0,\r\n      \"yvel\": 1,\r\n      \"push\": 0,\r\n      \"relid\": 757,\r\n      \"config\": {\r\n        \"desktop\": {\r\n          \"colCount\": 4,\r\n          \"colGutter\": 1,\r\n          \"rowGutter\": 1\r\n        },\r\n        \"tablet\": {\r\n          \"colCount\": 2,\r\n          \"colGutter\": 1,\r\n          \"rowGutter\": 1\r\n        },\r\n        \"phone\": {\r\n          \"colCount\": 1,\r\n          \"colGutter\": 1,\r\n          \"rowGutter\": 1\r\n        },\r\n        \"layoutType\": \"masonry\",\r\n        \"elements\": [\r\n          {\r\n            \"type\": \"img\",\r\n            \"attid\": 1660,\r\n            \"cont\": \"\/wp-content\/uploads\/2025\/11\/unnamed.jpg\",\r\n            \"sizes\": {\r\n              \"full\": \"\/wp-content\/uploads\/2025\/11\/unnamed.jpg\",\r\n              \"_768\": \"\/wp-content\/uploads\/2025\/11\/unnamed-768x1151.jpg\",\r\n              \"_512\": \"\/wp-content\/uploads\/2025\/11\/unnamed-512x767.jpg\",\r\n              \"_265\": \"\/wp-content\/uploads\/2025\/11\/unnamed-265x397.jpg\"\r\n            },\r\n            \"w\": 854,\r\n            \"h\": 1280,\r\n            \"ar\": 1.4988290398126465,\r\n            \"alt\": \"\"\r\n          },\r\n          {\r\n            \"cont\": \"<p><span style=\\\"font-size: 22px;\\\"><strong>2018 &gt; 2024\u00a0<\/strong><\/span><br \/><br \/><a href=\\\"https:\/\/internationalibsenaward.com\/winners\/lola-arias\\\">The International Ibsen Award 2024<\/a><br \/><br \/>The Royal Central School of Speech and Drama, University of London<br \/><a href=\\\"https:\/\/www.cssd.ac.uk\/news\/lola-arias-honorary-fellowship\\\"><em>Honorary Fellowship\u00a0 <\/em>2024<\/a><br \/><br \/>Fundacion Konex<br \/><a href=\\\"https:\/\/www.fundacionkonex.org\/b4667-lola-arias\\\"><em>Konex Award\u00a0 <\/em>2024: Quinquenio 2014 &gt; 2018<\/a><br \/><a href=\\\"https:\/\/www.fundacionkonex.org\/b4667-lola-arias\\\"><em>Konex Award\u00a0 <\/em>2014: <\/a><a href=\\\"https:\/\/www.fundacionkonex.org\/b4667-lola-arias\\\">Quinquenio<\/a><a href=\\\"https:\/\/www.fundacionkonex.org\/b4667-lola-arias\\\"> 2009 &gt; 2013<\/a><\/p>\",\r\n            \"type\": \"text\"\r\n          },\r\n          {\r\n            \"cont\": \"<p>20th BAFICI Festival, Buenos Aires<em><br \/>Best Director Award <\/em>2019<br \/><em><br \/>Preis der Autoren <\/em>2018<br \/>para el proyecto <em>Teatro de Guerra<\/em> (pel\u00edcula y obra de teatro)<\/p>\",\r\n            \"type\": \"text\"\r\n          }\r\n        ]\r\n      }\r\n    },\r\n    {\r\n      \"type\": \"hr\",\r\n      \"cont\": \"\",\r\n      \"align\": \"top\",\r\n      \"row\": 4,\r\n      \"col\": 0,\r\n      \"colspan\": 12,\r\n      \"offsetx\": 0,\r\n      \"offsety\": 0,\r\n      \"spaceabove\": 0,\r\n      \"spacebelow\": 0,\r\n      \"yvel\": 1,\r\n      \"push\": 0,\r\n      \"relid\": 6,\r\n      \"frameOverflow\": \"right\"\r\n    },\r\n    {\r\n      \"type\": \"text\",\r\n      \"cont\": \"<h1 class=\\\"_Titulo\\\" style=\\\"text-align: left;\\\">PREMIOS A PROYECTOS<\/h1>\",\r\n      \"align\": \"top\",\r\n      \"row\": 5,\r\n      \"col\": 0,\r\n      \"colspan\": 6,\r\n      \"offsetx\": 0,\r\n      \"offsety\": 0,\r\n      \"spaceabove\": 0,\r\n      \"spacebelow\": 0,\r\n      \"yvel\": 1,\r\n      \"push\": 0,\r\n      \"relid\": 5\r\n    },\r\n    {\r\n      \"type\": \"elementgrid\",\r\n      \"cont\": \"\",\r\n      \"align\": \"top\",\r\n      \"row\": 6,\r\n      \"col\": 0,\r\n      \"colspan\": 12,\r\n      \"offsetx\": 0,\r\n      \"offsety\": 0,\r\n      \"spaceabove\": 0,\r\n      \"spacebelow\": 0,\r\n      \"yvel\": 1,\r\n      \"push\": 0,\r\n      \"relid\": 396,\r\n      \"config\": {\r\n        \"desktop\": {\r\n          \"colCount\": 4,\r\n          \"colGutter\": 1,\r\n          \"rowGutter\": 1\r\n        },\r\n        \"tablet\": {\r\n          \"colCount\": 2,\r\n          \"colGutter\": 1,\r\n          \"rowGutter\": 1\r\n        },\r\n        \"phone\": {\r\n          \"colCount\": 1,\r\n          \"colGutter\": 1,\r\n          \"rowGutter\": 1\r\n        },\r\n        \"layoutType\": \"masonry\",\r\n        \"elements\": [\r\n          {\r\n            \"type\": \"postThumbnail\",\r\n            \"title\": \"REAS\",\r\n            \"postid\": 1529,\r\n            \"descr\": \"<h1 class=\\\"_Detalle\\\">Film 2024<\/h1>\\n\",\r\n            \"link\": \"\/reas\/\",\r\n            \"attid\": 1543,\r\n            \"ar\": 0.684251968503937,\r\n            \"cont\": \"\/wp-content\/uploads\/2024\/02\/Progetto-senza-titolo.jpg\",\r\n            \"sizes\": {\r\n              \"_265\": \"\/wp-content\/uploads\/2024\/02\/Progetto-senza-titolo-265x181.jpg\",\r\n              \"_512\": \"\/wp-content\/uploads\/2024\/02\/Progetto-senza-titolo-512x350.jpg\",\r\n              \"_768\": \"\/wp-content\/uploads\/2024\/02\/Progetto-senza-titolo-768x526.jpg\",\r\n              \"_1024\": \"\/wp-content\/uploads\/2024\/02\/Progetto-senza-titolo-1024x701.jpg\",\r\n              \"_1280\": \"\/wp-content\/uploads\/2024\/02\/Progetto-senza-titolo.jpg\",\r\n              \"_1920\": \"\/wp-content\/uploads\/2024\/02\/Progetto-senza-titolo.jpg\",\r\n              \"_2560\": \"\/wp-content\/uploads\/2024\/02\/Progetto-senza-titolo.jpg\",\r\n              \"_3200\": \"\/wp-content\/uploads\/2024\/02\/Progetto-senza-titolo.jpg\",\r\n              \"_3840\": \"\/wp-content\/uploads\/2024\/02\/Progetto-senza-titolo.jpg\",\r\n              \"_4096\": \"\/wp-content\/uploads\/2024\/02\/Progetto-senza-titolo.jpg\",\r\n              \"full\": \"\/wp-content\/uploads\/2024\/02\/Progetto-senza-titolo.jpg\"\r\n            },\r\n            \"mo_sizes\": null,\r\n            \"mo_h\": 0,\r\n            \"mo_w\": 0,\r\n            \"video_url\": \"\",\r\n            \"video_w\": 0,\r\n            \"video_h\": 0\r\n          },\r\n          {\r\n            \"cont\": \"<p><span>Thessaloniki International Documentary Festival<br \/><em>Film Forward Competition\u00a0<\/em>and<\/span><span><em>The Golden Alexander, Mermaid Award<\/em>\u00a0 2024<br \/><br \/><\/span><span>Luxembourg City Film Festival<br \/><em>Best Documentary\u00a0<\/em>2024<\/span><\/p><p><span>Cin\u00e9latino - Rencontres de Toulouse<br \/><em>Audience Award\u00a0<\/em>2024<\/span><\/p><p><span>Mix Festival Internazionale di Cinema LGBTQ+ e Cultura Queer di Milano<br \/><em>Best Documentary 2024<\/em><\/span><\/p>\",\r\n            \"type\": \"text\"\r\n          },\r\n          {\r\n            \"cont\": \"<p><span>Festival de Films de Femmes<br \/><em>Anna Politkovskaya Jury Award for the Best Documentary<br \/><\/em><em>Audience Award for the Best Documentary<\/em>\u00a02024<\/span><\/p><p><span>Lima Film Festival<br \/><em>Special Mention for Best Documentary<\/em> 2024\u00a0<\/span><\/p><p><span>Gaze LGBTQIA Film Festival<br \/><em>Jury Award<\/em>\u00a02024<\/span><\/p><p><span>San Sebasti\u00e1n Film Festival<br \/><\/span><span><em>Premio Sebastiane<\/em>\u00a02024<\/span><\/p>\",\r\n            \"type\": \"text\"\r\n          },\r\n          {\r\n            \"cont\": \"<p><span>NewFest New York LGBTQ+ Film Festival<br \/><em>Grand Jury Award and Audience Award for Best Documentary Feature <\/em>2024<\/span><\/p><p class=\\\"p1\\\">Weiterstadt Queer Film Festival<br \/><i>Queer Don Quijote Award <\/i>2024<i><br \/><br \/><\/i>LesGaiCineMad<br \/><i>Special Jury Mention for the film\u2019s cast and Audience Award for Best Queer Film <\/i>2024<\/p><p class=\\\"p1\\\">Festival \u00c9crans Mixtes<i><span><br \/><\/span><\/i><i><span><em>Honorary Award Philippe Vallois <\/em><\/span><\/i>2024<br \/><br \/>Roffa Mon Amour Film Festival<br \/><em>New Amour Award <\/em>2025<\/p><p>\u00a0<\/p>\",\r\n            \"type\": \"text\"\r\n          }\r\n        ]\r\n      }\r\n    },\r\n    {\r\n      \"type\": \"elementgrid\",\r\n      \"cont\": \"\",\r\n      \"align\": \"top\",\r\n      \"row\": 7,\r\n      \"col\": 0,\r\n      \"colspan\": 12,\r\n      \"offsetx\": 0,\r\n      \"offsety\": 0,\r\n      \"spaceabove\": 0,\r\n      \"spacebelow\": 0,\r\n      \"yvel\": 1,\r\n      \"push\": 0,\r\n      \"relid\": 9,\r\n      \"config\": {\r\n        \"desktop\": {\r\n          \"colCount\": 4,\r\n          \"colGutter\": 1,\r\n          \"rowGutter\": 1\r\n        },\r\n        \"tablet\": {\r\n          \"colCount\": 2,\r\n          \"colGutter\": 1,\r\n          \"rowGutter\": 1\r\n        },\r\n        \"phone\": {\r\n          \"colCount\": 1,\r\n          \"colGutter\": 1,\r\n          \"rowGutter\": 1\r\n        },\r\n        \"layoutType\": \"masonry\",\r\n        \"elements\": [\r\n          {\r\n            \"type\": \"postThumbnail\",\r\n            \"title\": \"Theatre of war\",\r\n            \"postid\": 1068,\r\n            \"descr\": \"<h1 class=\\\"_Detalle\\\">Film 2018<\/h1>\\n\",\r\n            \"link\": \"\/theatre-of-war\/\",\r\n            \"attid\": 129,\r\n            \"ar\": 0.6674008810572687,\r\n            \"cont\": \"\/wp-content\/uploads\/2020\/03\/teatro-de-guerra-01.jpg\",\r\n            \"sizes\": {\r\n              \"full\": \"\/wp-content\/uploads\/2020\/03\/teatro-de-guerra-01.jpg\",\r\n              \"_1920\": \"\/wp-content\/uploads\/2020\/03\/teatro-de-guerra-01-1920x1281.jpg\",\r\n              \"_1280\": \"\/wp-content\/uploads\/2020\/03\/teatro-de-guerra-01-1280x854.jpg\",\r\n              \"_1024\": \"\/wp-content\/uploads\/2020\/03\/teatro-de-guerra-01-1024x683.jpg\",\r\n              \"_768\": \"\/wp-content\/uploads\/2020\/03\/teatro-de-guerra-01-768x513.jpg\",\r\n              \"_512\": \"\/wp-content\/uploads\/2020\/03\/teatro-de-guerra-01-512x342.jpg\",\r\n              \"_265\": \"\/wp-content\/uploads\/2020\/03\/teatro-de-guerra-01-265x177.jpg\"\r\n            },\r\n            \"mo_sizes\": null,\r\n            \"mo_h\": 0,\r\n            \"mo_w\": 0,\r\n            \"video_url\": \"\",\r\n            \"video_w\": 0,\r\n            \"video_h\": 0\r\n          },\r\n          {\r\n            \"cont\": \"<p><span style=\\\"font-size: 20px;\\\"><strong>2018 &gt; 2019<\/strong><\/span><br \/><br \/>Argentinean Film Critics Association Awards<br \/><a href=\\\"https:\/\/www.imdb.com\/es\/name\/nm8229588\/awards\/\\\"><em>Silver Condot award for Best screenplay, adapted\u00a0 <\/em>2019<\/a><br \/><br \/>Documenta Madrid<br \/><a href=\\\"https:\/\/gemafilms.com\/en\/%E2%98%85%E2%98%85%E2%98%85-the-film-theatre-of-war-directed-by-lola-arias-was-selected-to-participate-in-documentamadrid-2019-where-it-won-the-movistar-award-award-for-best-iberoamerican-documentar\/#:~:text=%E2%98%85%E2%98%85%E2%98%85,Best%20Iberoamerican%20Documentary%20Feature%20Film\\\"><em>Movistar+ Prize for Best Documentary Film<\/em> 2019<\/a><\/p>\",\r\n            \"type\": \"text\"\r\n          },\r\n          {\r\n            \"cont\": \"<p>en el marco de\u00a0Berlin International Film Festival<br \/><a href=\\\"https:\/\/www.imdb.com\/es\/name\/nm8229588\/awards\/\\\"><em>C.I.C.A.E Award <\/em>2018<\/a><br \/><br \/><em>Prize of the Ecumenical Jury<\/em> 2018<\/p>\",\r\n            \"type\": \"text\"\r\n          }\r\n        ]\r\n      }\r\n    },\r\n    {\r\n      \"type\": \"hr\",\r\n      \"cont\": \"\",\r\n      \"align\": \"top\",\r\n      \"row\": 8,\r\n      \"col\": 0,\r\n      \"colspan\": 12,\r\n      \"offsetx\": 0,\r\n      \"offsety\": 0,\r\n      \"spaceabove\": 0,\r\n      \"spacebelow\": 0,\r\n      \"yvel\": 1,\r\n      \"push\": 0,\r\n      \"relid\": 10,\r\n      \"frameOverflow\": \"\"\r\n    }\r\n  ]\r\n}","phonegrid":"","_links":{"self":[{"href":"https:\/\/lolaarias.com\/es\/wp-json\/wp\/v2\/pages\/1589","targetHints":{"allow":["GET"]}}],"collection":[{"href":"https:\/\/lolaarias.com\/es\/wp-json\/wp\/v2\/pages"}],"about":[{"href":"https:\/\/lolaarias.com\/es\/wp-json\/wp\/v2\/types\/page"}],"author":[{"embeddable":true,"href":"https:\/\/lolaarias.com\/es\/wp-json\/wp\/v2\/users\/1"}],"replies":[{"embeddable":true,"href":"https:\/\/lolaarias.com\/es\/wp-json\/wp\/v2\/comments?post=1589"}],"version-history":[{"count":0,"href":"https:\/\/lolaarias.com\/es\/wp-json\/wp\/v2\/pages\/1589\/revisions"}],"wp:attachment":[{"href":"https:\/\/lolaarias.com\/es\/wp-json\/wp\/v2\/media?parent=1589"}],"curies":[{"name":"wp","href":"https:\/\/api.w.org\/{rel}","templated":true}]}}